{"id":2144,"date":"2024-09-28T13:46:19","date_gmt":"2024-09-28T05:46:19","guid":{"rendered":"http:\/\/cases-group.com\/?post_type=product&#038;p=2144"},"modified":"2025-10-23T01:17:17","modified_gmt":"2025-10-22T17:17:17","slug":"100-pure-cashmere-ladies-crew-neck-fancy-rib-knitting-sleeveless-fashion-knited-vest-top-sweater","status":"publish","type":"product","link":"https:\/\/miyafashion.com\/esp\/producto\/100-pure-cashmere-ladies-crew-neck-fancy-rib-knitting-sleeveless-fashion-knited-vest-top-sweater\/","title":{"rendered":"100% Cachemira pura blusa de chaleco de punto de moda sin mangas de punto de costilla de cuello redondo para mujeres"},"content":{"rendered":"<h3 class=\"product-facts-title\">Detalles del producto<\/h3>\n<div class=\"a-fixed-left-grid product-facts-detail\">\n<div class=\"a-fixed-left-grid-inner\">\n<div class=\"a-fixed-left-grid-col a-col-left\"><span class=\"a-color-base\">Tipo de tela:\u00a0 \u00a0 \u00a0 \u00a0 \u00a0 \u00a0 <\/span><span class=\"a-color-base\">100% cachemira<\/span><\/div>\n<\/div>\n<\/div>\n<div class=\"a-fixed-left-grid product-facts-detail\">\n<div class=\"a-fixed-left-grid-inner\">\n<div class=\"a-fixed-left-grid-col a-col-left\"><span class=\"a-color-base\">Instrucciones de cuidado:\u00a0 <\/span><span class=\"a-color-base\">Lavar a mano \u00fanicamente<\/span><\/div>\n<\/div>\n<\/div>\n<div><\/div>\n<div class=\"a-fixed-left-grid product-facts-detail\">\n<div class=\"a-fixed-left-grid-inner\">\n<h3 class=\"product-facts-title\">Acerca de este art\u00edculo<\/h3>\n<ul class=\"a-unordered-list a-vertical a-spacing-small\">\n<li><span class=\"a-list-item a-size-base a-color-base\">100% cachemira<\/span><\/li>\n<\/ul>\n<ul class=\"a-unordered-list a-vertical a-spacing-small\">\n<li><span class=\"a-list-item a-size-base a-color-base\">Cierre tipo pull-on<\/span><\/li>\n<\/ul>\n<ul class=\"a-unordered-list a-vertical a-spacing-small\">\n<li><span class=\"a-list-item a-size-base a-color-base\">Lavar a mano \u00fanicamente<\/span><\/li>\n<\/ul>\n<\/div>\n<\/div>","protected":false},"excerpt":{"rendered":"<p>Su\u00e9ter de punto sin mangas con cuello redondo y canal\u00e9 elegante para mujer, 100 % cachemira pura, corte relajado, s\u00faper suave, color crudo.<\/p>","protected":false},"featured_media":2145,"comment_status":"open","ping_status":"closed","template":"","meta":[],"product_brand":[],"product_cat":[88],"product_tag":[96,97],"class_list":{"0":"post-2144","1":"product","2":"type-product","3":"status-publish","4":"has-post-thumbnail","6":"product_cat-pullover","7":"product_tag-cashmere-vest-sweater","8":"product_tag-ladys-cashmere-vest","10":"first","11":"instock","12":"shipping-taxable","13":"product-type-simple","14":"add-to-wishlist-after_add_to_cart","15":"thumb-no-effect","16":"prod-rating-off"},"_links":{"self":[{"href":"https:\/\/miyafashion.com\/esp\/wp-json\/wp\/v2\/product\/2144","targetHints":{"allow":["GET"]}}],"collection":[{"href":"https:\/\/miyafashion.com\/esp\/wp-json\/wp\/v2\/product"}],"about":[{"href":"https:\/\/miyafashion.com\/esp\/wp-json\/wp\/v2\/types\/product"}],"replies":[{"embeddable":true,"href":"https:\/\/miyafashion.com\/esp\/wp-json\/wp\/v2\/comments?post=2144"}],"wp:featuredmedia":[{"embeddable":true,"href":"https:\/\/miyafashion.com\/esp\/wp-json\/wp\/v2\/media\/2145"}],"wp:attachment":[{"href":"https:\/\/miyafashion.com\/esp\/wp-json\/wp\/v2\/media?parent=2144"}],"wp:term":[{"taxonomy":"product_brand","embeddable":true,"href":"https:\/\/miyafashion.com\/esp\/wp-json\/wp\/v2\/product_brand?post=2144"},{"taxonomy":"product_cat","embeddable":true,"href":"https:\/\/miyafashion.com\/esp\/wp-json\/wp\/v2\/product_cat?post=2144"},{"taxonomy":"product_tag","embeddable":true,"href":"https:\/\/miyafashion.com\/esp\/wp-json\/wp\/v2\/product_tag?post=2144"}],"curies":[{"name":"wp","href":"https:\/\/api.w.org\/{rel}","templated":true}]}}