{"id":2157,"date":"2024-09-28T14:42:59","date_gmt":"2024-09-28T06:42:59","guid":{"rendered":"http:\/\/cases-group.com\/?post_type=product&#038;p=2157"},"modified":"2024-12-31T16:14:09","modified_gmt":"2024-12-31T08:14:09","slug":"100-pure-cashmere-ladies-crew-neck-fair-isle-sweater-jacquard-fashion-knited-pullover-3","status":"publish","type":"product","link":"https:\/\/miyafashion.com\/esp\/producto\/100-pure-cashmere-ladies-crew-neck-fair-isle-sweater-jacquard-fashion-knited-pullover-3\/","title":{"rendered":"Su\u00e9ter b\u00e1sico cl\u00e1sico de punto de jersey de manga larga con cuello en V para mujer 100 % cachemira pura"},"content":{"rendered":"<h3 class=\"product-facts-title\">Detalles del producto<\/h3>\n<div class=\"a-fixed-left-grid product-facts-detail\">\n<div class=\"a-fixed-left-grid-inner\">\n<div class=\"a-fixed-left-grid-col a-col-left\"><span class=\"a-color-base\">Tipo de tela:\u00a0 \u00a0 \u00a0 \u00a0 \u00a0 \u00a0 <\/span><span class=\"a-color-base\">100% cachemira<\/span><\/div>\n<\/div>\n<\/div>\n<div class=\"a-fixed-left-grid product-facts-detail\">\n<div class=\"a-fixed-left-grid-inner\">\n<div class=\"a-fixed-left-grid-col a-col-left\"><span class=\"a-color-base\">Instrucciones de cuidado:\u00a0 <\/span><span class=\"a-color-base\">Lavar a mano \u00fanicamente<\/span><\/div>\n<\/div>\n<\/div>\n<div><\/div>\n<div class=\"a-fixed-left-grid product-facts-detail\">\n<div class=\"a-fixed-left-grid-inner\">\n<h3 class=\"product-facts-title\">Acerca de este art\u00edculo<\/h3>\n<ul class=\"a-unordered-list a-vertical a-spacing-small\">\n<li><span class=\"a-list-item a-size-base a-color-base\">100% cachemira<\/span><\/li>\n<\/ul>\n<ul class=\"a-unordered-list a-vertical a-spacing-small\">\n<li><span class=\"a-list-item a-size-base a-color-base\">Cierre tipo pull-on<\/span><\/li>\n<\/ul>\n<ul class=\"a-unordered-list a-vertical a-spacing-small\">\n<li><span class=\"a-list-item a-size-base a-color-base\">Lavar a mano \u00fanicamente<\/span><\/li>\n<\/ul>\n<\/div>\n<\/div>","protected":false},"excerpt":{"rendered":"<p>100% Pure Cashmere Ladies&#8217; v neck long sleeve fashion jersey knitting basic classic pullover sweater, relax fit, super soft.<\/p>","protected":false},"featured_media":2159,"comment_status":"open","ping_status":"closed","template":"","meta":[],"product_brand":[],"product_cat":[88],"product_tag":[99,101],"class_list":{"0":"post-2157","1":"product","2":"type-product","3":"status-publish","4":"has-post-thumbnail","6":"product_cat-pullover","7":"product_tag-cashmere-pullover-sweater","8":"product_tag-cashmere-v-neck-sweater","10":"first","11":"instock","12":"shipping-taxable","13":"product-type-simple","14":"add-to-wishlist-after_add_to_cart","15":"thumb-no-effect","16":"prod-rating-off"},"_links":{"self":[{"href":"https:\/\/miyafashion.com\/esp\/wp-json\/wp\/v2\/product\/2157","targetHints":{"allow":["GET"]}}],"collection":[{"href":"https:\/\/miyafashion.com\/esp\/wp-json\/wp\/v2\/product"}],"about":[{"href":"https:\/\/miyafashion.com\/esp\/wp-json\/wp\/v2\/types\/product"}],"replies":[{"embeddable":true,"href":"https:\/\/miyafashion.com\/esp\/wp-json\/wp\/v2\/comments?post=2157"}],"wp:featuredmedia":[{"embeddable":true,"href":"https:\/\/miyafashion.com\/esp\/wp-json\/wp\/v2\/media\/2159"}],"wp:attachment":[{"href":"https:\/\/miyafashion.com\/esp\/wp-json\/wp\/v2\/media?parent=2157"}],"wp:term":[{"taxonomy":"product_brand","embeddable":true,"href":"https:\/\/miyafashion.com\/esp\/wp-json\/wp\/v2\/product_brand?post=2157"},{"taxonomy":"product_cat","embeddable":true,"href":"https:\/\/miyafashion.com\/esp\/wp-json\/wp\/v2\/product_cat?post=2157"},{"taxonomy":"product_tag","embeddable":true,"href":"https:\/\/miyafashion.com\/esp\/wp-json\/wp\/v2\/product_tag?post=2157"}],"curies":[{"name":"wp","href":"https:\/\/api.w.org\/{rel}","templated":true}]}}