{"id":2164,"date":"2024-09-28T15:08:36","date_gmt":"2024-09-28T07:08:36","guid":{"rendered":"http:\/\/cases-group.com\/?post_type=product&#038;p=2164"},"modified":"2025-11-14T01:36:20","modified_gmt":"2025-11-13T17:36:20","slug":"100-pure-cashmere-ladies-crew-neck-fair-isle-sweater-jacquard-fashion-knited-pullover-3-2-2","status":"publish","type":"product","link":"https:\/\/miyafashion.com\/esp\/producto\/100-pure-cashmere-ladies-crew-neck-fair-isle-sweater-jacquard-fashion-knited-pullover-3-2-2\/","title":{"rendered":"100% Pure Cashmere Mujeres 'manga larga un bot\u00f3n larga longitud casual moda de punto cardigan su\u00e9ter con bolsillos"},"content":{"rendered":"<h1 class=\"product_title entry-title\">Puro 100% de la Cachemira de las Se\u00f1oras de la manga larga de un bot\u00f3n largo de la longitud de la moda casual tejido de punto cardigan sweater con bolsillos, relax fit, c\u00e1lido y acogedor.<\/h1>","protected":false},"excerpt":{"rendered":"<p>Puro 100% de la Cachemira de las Se\u00f1oras de la manga larga de un bot\u00f3n largo de la longitud de la moda casual tejido de punto cardigan sweater con bolsillos, relax fit, c\u00e1lido y acogedor.<\/p>","protected":false},"featured_media":2165,"comment_status":"open","ping_status":"closed","template":"","meta":[],"product_brand":[],"product_cat":[89],"product_tag":[103,104],"class_list":{"0":"post-2164","1":"product","2":"type-product","3":"status-publish","4":"has-post-thumbnail","6":"product_cat-cardigan","7":"product_tag-cashmere-cardigan","8":"product_tag-ladys-long-cashmere-cardigan","10":"first","11":"instock","12":"shipping-taxable","13":"product-type-simple","14":"add-to-wishlist-after_add_to_cart","15":"thumb-no-effect","16":"prod-rating-off"},"_links":{"self":[{"href":"https:\/\/miyafashion.com\/esp\/wp-json\/wp\/v2\/product\/2164","targetHints":{"allow":["GET"]}}],"collection":[{"href":"https:\/\/miyafashion.com\/esp\/wp-json\/wp\/v2\/product"}],"about":[{"href":"https:\/\/miyafashion.com\/esp\/wp-json\/wp\/v2\/types\/product"}],"replies":[{"embeddable":true,"href":"https:\/\/miyafashion.com\/esp\/wp-json\/wp\/v2\/comments?post=2164"}],"wp:featuredmedia":[{"embeddable":true,"href":"https:\/\/miyafashion.com\/esp\/wp-json\/wp\/v2\/media\/2165"}],"wp:attachment":[{"href":"https:\/\/miyafashion.com\/esp\/wp-json\/wp\/v2\/media?parent=2164"}],"wp:term":[{"taxonomy":"product_brand","embeddable":true,"href":"https:\/\/miyafashion.com\/esp\/wp-json\/wp\/v2\/product_brand?post=2164"},{"taxonomy":"product_cat","embeddable":true,"href":"https:\/\/miyafashion.com\/esp\/wp-json\/wp\/v2\/product_cat?post=2164"},{"taxonomy":"product_tag","embeddable":true,"href":"https:\/\/miyafashion.com\/esp\/wp-json\/wp\/v2\/product_tag?post=2164"}],"curies":[{"name":"wp","href":"https:\/\/api.w.org\/{rel}","templated":true}]}}