{"id":2579,"date":"2025-01-03T16:18:51","date_gmt":"2025-01-03T08:18:51","guid":{"rendered":"http:\/\/cases-group.com\/?post_type=product&#038;p=2579"},"modified":"2025-01-04T16:04:32","modified_gmt":"2025-01-04T08:04:32","slug":"100-cashmere-womens-knitted-pants-2","status":"publish","type":"product","link":"https:\/\/miyafashion.com\/esp\/producto\/100-cashmere-womens-knitted-pants-2\/","title":{"rendered":"Jersey de cuello alto y manga larga tejido con hilo de bucle para mujer en invierno"},"content":{"rendered":"<h3 class=\"product-facts-title\">Detalles del producto<\/h3>\n<div class=\"a-fixed-left-grid product-facts-detail\">\n<div class=\"a-fixed-left-grid-inner\">\n<div class=\"a-fixed-left-grid-col a-col-left\">\n<div class=\"a-fixed-left-grid product-facts-detail\">\n<div class=\"a-fixed-left-grid-inner\">\n<div class=\"a-fixed-left-grid-col a-col-left\"><span class=\"a-color-base\">Tipo de tela:<\/span><span class=\"a-color-base\">12% Lana 61% Poli\u00e9ster 25% Acr\u00edlico 2% Elastano<\/span><\/div>\n<\/div>\n<\/div>\n<div class=\"a-fixed-left-grid product-facts-detail\">\n<div class=\"a-fixed-left-grid-inner\">\n<div class=\"a-fixed-left-grid-col a-col-left\"><span class=\"a-color-base\">Instrucciones de cuidado:\u00a0<\/span><span class=\"a-color-base\">Lavado a m\u00e1quina<\/span><\/div>\n<\/div>\n<\/div>\n<\/div>\n<\/div>\n<\/div>\n<div class=\"a-fixed-left-grid product-facts-detail\">\n<div class=\"a-fixed-left-grid-inner\">\n<h3 class=\"product-facts-title\">Acerca de este art\u00edculo<\/h3>\n<ul class=\"a-unordered-list a-vertical a-spacing-small\">\n<li><span class=\"a-list-item a-size-base a-color-base\">El c\u00e1lido hilo de bucle mixto de lana se mantiene c\u00e1lido y elegante.<\/span><\/li>\n<li><span class=\"a-list-item a-size-base a-color-base\">El dise\u00f1o de rayas grandes y lindas hace que el oto\u00f1o\/invierno sea m\u00e1s divertido y colorido.<\/span><\/li>\n<li><span class=\"a-list-item a-size-base a-color-base\">Ocasi\u00f3n: este su\u00e9ter es perfecto para el trabajo, la oficina, el uso informal y diario, la fiesta, el hogar, etc.<\/span><\/li>\n<li><span class=\"a-list-item a-size-base a-color-base\">Talla \u00fanica, estilo oversize, el pecho del jersey mide 112 cm (44 pulgadas), se adapta a un pecho corporal de 32 a 43 pulgadas.<\/span><\/li>\n<\/ul>\n<h6>Precio: Negociable seg\u00fan cantidad<\/h6>\n<h6>Tama\u00f1o: XS ~ XXL (m\u00e1s tama\u00f1os negociables)<\/h6>\n<h6>Pedido m\u00ednimo solicitado: 50 piezas\/estilo (cantidad menor negociable)<\/h6>\n<h6>Tiempo de entrega: 15~45 d\u00edas<br \/>\n<strong><br \/>\nPlazo de pago:<\/strong> T\/T antes del env\u00edo<\/h6>\n<\/div>\n<\/div>","protected":false},"excerpt":{"rendered":"<p>Product details Fabric type :12%Wool 61%Polyester 25rylic 2%Elastane Care instructions:\u00a0Machine Wash About this item Warm wool mixed loop yarn keep\u2026<\/p>","protected":false},"featured_media":2574,"comment_status":"open","ping_status":"closed","template":"","meta":[],"product_brand":[],"product_cat":[58,88],"product_tag":[119,120],"class_list":{"0":"post-2579","1":"product","2":"type-product","3":"status-publish","4":"has-post-thumbnail","6":"product_cat-oems","7":"product_cat-pullover","8":"product_tag-cashmere-pants","9":"product_tag-knitted-pants","11":"first","12":"instock","13":"shipping-taxable","14":"product-type-simple","15":"add-to-wishlist-after_add_to_cart","16":"thumb-no-effect","17":"prod-rating-off"},"_links":{"self":[{"href":"https:\/\/miyafashion.com\/esp\/wp-json\/wp\/v2\/product\/2579","targetHints":{"allow":["GET"]}}],"collection":[{"href":"https:\/\/miyafashion.com\/esp\/wp-json\/wp\/v2\/product"}],"about":[{"href":"https:\/\/miyafashion.com\/esp\/wp-json\/wp\/v2\/types\/product"}],"replies":[{"embeddable":true,"href":"https:\/\/miyafashion.com\/esp\/wp-json\/wp\/v2\/comments?post=2579"}],"wp:featuredmedia":[{"embeddable":true,"href":"https:\/\/miyafashion.com\/esp\/wp-json\/wp\/v2\/media\/2574"}],"wp:attachment":[{"href":"https:\/\/miyafashion.com\/esp\/wp-json\/wp\/v2\/media?parent=2579"}],"wp:term":[{"taxonomy":"product_brand","embeddable":true,"href":"https:\/\/miyafashion.com\/esp\/wp-json\/wp\/v2\/product_brand?post=2579"},{"taxonomy":"product_cat","embeddable":true,"href":"https:\/\/miyafashion.com\/esp\/wp-json\/wp\/v2\/product_cat?post=2579"},{"taxonomy":"product_tag","embeddable":true,"href":"https:\/\/miyafashion.com\/esp\/wp-json\/wp\/v2\/product_tag?post=2579"}],"curies":[{"name":"wp","href":"https:\/\/api.w.org\/{rel}","templated":true}]}}