{"id":2592,"date":"2025-01-04T16:08:50","date_gmt":"2025-01-04T08:08:50","guid":{"rendered":"http:\/\/cases-group.com\/?post_type=product&#038;p=2592"},"modified":"2025-01-04T16:08:50","modified_gmt":"2025-01-04T08:08:50","slug":"100-cashmere-womens-knitted-pants-2-2-2","status":"publish","type":"product","link":"https:\/\/miyafashion.com\/esp\/producto\/100-cashmere-womens-knitted-pants-2-2-2\/","title":{"rendered":"Jersey de punto a rayas para mujer"},"content":{"rendered":"<div class=\"a-fixed-left-grid product-facts-detail\">\n<div class=\"a-fixed-left-grid-inner\">\n<p>&nbsp;<\/p>\n<h6>Precio: Negociable seg\u00fan cantidad<\/h6>\n<h6>Tama\u00f1o: XS ~ XXL (m\u00e1s tama\u00f1os negociables)<\/h6>\n<h6>Pedido m\u00ednimo solicitado: 50 piezas\/estilo (cantidad menor negociable)<\/h6>\n<h6>Tiempo de entrega: 15~45 d\u00edas<br \/>\n<strong><br \/>\nPlazo de pago:<\/strong> T\/T antes del env\u00edo<\/h6>\n<\/div>\n<\/div>","protected":false},"excerpt":{"rendered":"<p>&nbsp; Price: Negotiable upon quantity Size: XS~XXL (more sizes negotiable) Order min request: 50pcs\/style (less quantity is negotiable ) Delivery\u2026<\/p>","protected":false},"featured_media":2593,"comment_status":"open","ping_status":"closed","template":"","meta":[],"product_brand":[],"product_cat":[58,88],"product_tag":[119,120],"class_list":{"0":"post-2592","1":"product","2":"type-product","3":"status-publish","4":"has-post-thumbnail","6":"product_cat-oems","7":"product_cat-pullover","8":"product_tag-cashmere-pants","9":"product_tag-knitted-pants","11":"first","12":"instock","13":"shipping-taxable","14":"product-type-simple","15":"add-to-wishlist-after_add_to_cart","16":"thumb-no-effect","17":"prod-rating-off"},"_links":{"self":[{"href":"https:\/\/miyafashion.com\/esp\/wp-json\/wp\/v2\/product\/2592","targetHints":{"allow":["GET"]}}],"collection":[{"href":"https:\/\/miyafashion.com\/esp\/wp-json\/wp\/v2\/product"}],"about":[{"href":"https:\/\/miyafashion.com\/esp\/wp-json\/wp\/v2\/types\/product"}],"replies":[{"embeddable":true,"href":"https:\/\/miyafashion.com\/esp\/wp-json\/wp\/v2\/comments?post=2592"}],"wp:featuredmedia":[{"embeddable":true,"href":"https:\/\/miyafashion.com\/esp\/wp-json\/wp\/v2\/media\/2593"}],"wp:attachment":[{"href":"https:\/\/miyafashion.com\/esp\/wp-json\/wp\/v2\/media?parent=2592"}],"wp:term":[{"taxonomy":"product_brand","embeddable":true,"href":"https:\/\/miyafashion.com\/esp\/wp-json\/wp\/v2\/product_brand?post=2592"},{"taxonomy":"product_cat","embeddable":true,"href":"https:\/\/miyafashion.com\/esp\/wp-json\/wp\/v2\/product_cat?post=2592"},{"taxonomy":"product_tag","embeddable":true,"href":"https:\/\/miyafashion.com\/esp\/wp-json\/wp\/v2\/product_tag?post=2592"}],"curies":[{"name":"wp","href":"https:\/\/api.w.org\/{rel}","templated":true}]}}