{"id":2599,"date":"2025-01-04T16:16:15","date_gmt":"2025-01-04T08:16:15","guid":{"rendered":"http:\/\/cases-group.com\/?post_type=product&#038;p=2599"},"modified":"2025-01-04T16:16:15","modified_gmt":"2025-01-04T08:16:15","slug":"cable-knit-sweater-2","status":"publish","type":"product","link":"https:\/\/miyafashion.com\/esp\/producto\/cable-knit-sweater-2\/","title":{"rendered":"Jersey de cuello alto de punto con tibur\u00f3n para mujer"},"content":{"rendered":"<h6>Precio: Negociable seg\u00fan cantidad<\/h6>\n<h6>Tama\u00f1o: XS ~ XXL (m\u00e1s tama\u00f1os negociables)<\/h6>\n<h6>Pedido m\u00ednimo solicitado: 50 piezas\/estilo (cantidad menor negociable)<\/h6>\n<h6>Tiempo de entrega: 15~45 d\u00edas<br \/>\n<strong><br \/>\nPlazo de pago:<\/strong>\u00a0T\/T antes del env\u00edo<\/h6>","protected":false},"excerpt":{"rendered":"<p>Price: Negotiable upon quantity Size: XS~XXL (more sizes negotiable) Order min request: 50pcs\/style (less quantity is negotiable ) Delivery time:\u2026<\/p>","protected":false},"featured_media":2600,"comment_status":"open","ping_status":"closed","template":"","meta":[],"product_brand":[],"product_cat":[58,88],"product_tag":[],"class_list":{"0":"post-2599","1":"product","2":"type-product","3":"status-publish","4":"has-post-thumbnail","6":"product_cat-oems","7":"product_cat-pullover","9":"first","10":"instock","11":"shipping-taxable","12":"product-type-grouped","13":"add-to-wishlist-after_add_to_cart","14":"thumb-no-effect","15":"prod-rating-off"},"_links":{"self":[{"href":"https:\/\/miyafashion.com\/esp\/wp-json\/wp\/v2\/product\/2599","targetHints":{"allow":["GET"]}}],"collection":[{"href":"https:\/\/miyafashion.com\/esp\/wp-json\/wp\/v2\/product"}],"about":[{"href":"https:\/\/miyafashion.com\/esp\/wp-json\/wp\/v2\/types\/product"}],"replies":[{"embeddable":true,"href":"https:\/\/miyafashion.com\/esp\/wp-json\/wp\/v2\/comments?post=2599"}],"wp:featuredmedia":[{"embeddable":true,"href":"https:\/\/miyafashion.com\/esp\/wp-json\/wp\/v2\/media\/2600"}],"wp:attachment":[{"href":"https:\/\/miyafashion.com\/esp\/wp-json\/wp\/v2\/media?parent=2599"}],"wp:term":[{"taxonomy":"product_brand","embeddable":true,"href":"https:\/\/miyafashion.com\/esp\/wp-json\/wp\/v2\/product_brand?post=2599"},{"taxonomy":"product_cat","embeddable":true,"href":"https:\/\/miyafashion.com\/esp\/wp-json\/wp\/v2\/product_cat?post=2599"},{"taxonomy":"product_tag","embeddable":true,"href":"https:\/\/miyafashion.com\/esp\/wp-json\/wp\/v2\/product_tag?post=2599"}],"curies":[{"name":"wp","href":"https:\/\/api.w.org\/{rel}","templated":true}]}}